{"id":2,"date":"2020-04-16T16:03:11","date_gmt":"2020-04-16T13:03:11","guid":{"rendered":"http:\/\/voima.fi\/spektaakkeliakatemia\/?page_id=2"},"modified":"2020-10-06T14:29:58","modified_gmt":"2020-10-06T11:29:58","slug":"esimerkkisivu","status":"publish","type":"page","link":"https:\/\/voima.fi\/spektaakkeliakatemia\/","title":{"rendered":"Spektaakkeliakatemia"},"content":{"rendered":"<figure class=\"onlymobilevideo\"><video autoplay loop playsinline muted src=\"https:\/\/voima.fi\/spektaakkeliakatemia\/wp-content\/uploads\/sites\/10\/2020\/06\/spektaakkeliloop2.mp4\"><\/video><\/figure>\n<div class=\"container-\">\n<div class=\"pt-cv-wrapper\"><div class=\"pt-cv-view pt-cv-grid pt-cv-colsys pt-cv-same-height pt-cv-left\" id=\"pt-cv-view-1e1bb8ad75\"><div data-id=\"pt-cv-page-1\" class=\"pt-cv-page cv-npf\" data-cvc=\"4\" data-cvct=\"2\" data-cvcm=\"1\"><div class=\"col-md-3 col-sm-6 col-xs-12 pt-cv-content-item pt-cv-1-col\"  data-pid=\"ad-0\"><div class='pt-cv-ifield'><p style=\"padding: 20px; margin-top: 10%;\">El\u00e4mme spektaakkelin yhteiskunnassa, jossa kiilt\u00e4v\u00e4 julkisivu on usein sis\u00e4lt\u00f6\u00e4 t\u00e4rke\u00e4mp\u00e4\u00e4. Yksi spektaakkelin ilmenemismuoto ovat mainokset. Ne ohjaavat k\u00e4yt\u00f6st\u00e4mme ja vaikuttavat siihen miten el\u00e4mme el\u00e4mi\u00e4mme. Mainokset synnytt\u00e4v\u00e4t haluja ja n\u00e4ihin haluihin pyrimme vastaamaan ostamalla tuotteita. Me emme kuitenkaan ole kulutustottumustemme summa ja meid\u00e4n tulisi tarkastella ostop\u00e4\u00e4t\u00f6ksi\u00e4mme ja niihin vaikuttavaa viestint\u00e4\u00e4 kriittisesti.<\/p>\n<p style=\"padding: 0 20px;\">Tervetuloa Spektaakkeliakatemiaan.<\/p><\/div><\/div>\n<div class=\"col-md-3 col-sm-6 col-xs-12 pt-cv-content-item pt-cv-1-col\"  data-pid=\"0\"><div class='pt-cv-ifield'><div class=\"pt-cv-no-post\">Artikkeleita ei l\u00f6ytynyt.<\/div><\/div><\/div><\/div><\/div><\/div>\t\t\t<style type=\"text\/css\" id=\"pt-cv-inline-style-85d488fjrt\">#pt-cv-view-1e1bb8ad75 .pt-cv-content-item { padding-top: 5px !important; padding-right: 5px !important; padding-bottom: 0px !important; padding-left: 0px !important; }\n#pt-cv-view-1e1bb8ad75  { margin-top: 0px !important; margin-right: 0px !important; margin-bottom: 0px !important; margin-left: 0px !important; }\n#pt-cv-view-1e1bb8ad75 .pt-cv-ifield { padding-top: 0px !important; padding-right: 0px !important; padding-bottom: 0px !important; padding-left: 0px !important; }\n#pt-cv-view-1e1bb8ad75 .pt-cv-title a, #pt-cv-view-1e1bb8ad75  .panel-title { font-size: 25px !important; line-height: 1.3 !important; font-weight: 600 !important; }\n#pt-cv-view-1e1bb8ad75 .pt-cv-readmore  { color: #ffffff !important; background-color: #00aeef !important; }\n#pt-cv-view-1e1bb8ad75 .pt-cv-tao  { font-size: 20px !important; line-height: 1.3 !important; }\n#pt-cv-view-1e1bb8ad75 { text-align: left; }<\/style>\r\n\t\t\t\n<\/div>\n<p>&nbsp;<\/p>\n<p>&nbsp;<\/p>\n<p>&nbsp;<\/p>\n","protected":false},"excerpt":{"rendered":"<p>&nbsp; &nbsp; &nbsp;<\/p>\n","protected":false},"author":1,"featured_media":0,"parent":0,"menu_order":0,"comment_status":"closed","ping_status":"closed","template":"","meta":{"footnotes":""},"enclosure":[],"meta:avatar":"","geolocation":[],"meta:youtube":null,"meta:vimeo":null,"meta:duration":null,"_links":{"self":[{"href":"https:\/\/voima.fi\/spektaakkeliakatemia\/wp-json\/wp\/v2\/pages\/2"}],"collection":[{"href":"https:\/\/voima.fi\/spektaakkeliakatemia\/wp-json\/wp\/v2\/pages"}],"about":[{"href":"https:\/\/voima.fi\/spektaakkeliakatemia\/wp-json\/wp\/v2\/types\/page"}],"author":[{"embeddable":true,"href":"https:\/\/voima.fi\/spektaakkeliakatemia\/wp-json\/wp\/v2\/users\/1"}],"replies":[{"embeddable":true,"href":"https:\/\/voima.fi\/spektaakkeliakatemia\/wp-json\/wp\/v2\/comments?post=2"}],"version-history":[{"count":24,"href":"https:\/\/voima.fi\/spektaakkeliakatemia\/wp-json\/wp\/v2\/pages\/2\/revisions"}],"predecessor-version":[{"id":1142,"href":"https:\/\/voima.fi\/spektaakkeliakatemia\/wp-json\/wp\/v2\/pages\/2\/revisions\/1142"}],"wp:attachment":[{"href":"https:\/\/voima.fi\/spektaakkeliakatemia\/wp-json\/wp\/v2\/media?parent=2"}],"curies":[{"name":"wp","href":"https:\/\/api.w.org\/{rel}","templated":true}]}}