{"id":17725,"date":"2016-03-29T00:00:00","date_gmt":"2016-03-28T21:00:00","guid":{"rendered":"http:\/\/voima.fi\/hairikot\/taustatietoa\/"},"modified":"2022-01-13T15:18:36","modified_gmt":"2022-01-13T13:18:36","slug":"taustatietoa","status":"publish","type":"page","link":"https:\/\/voima.fi\/hairikot\/taustatietoa\/","title":{"rendered":"Taustatietoa"},"content":{"rendered":"<div class=\"column50\">\n<p><strong>T\u00e4ss\u00e4 muutamia kulttuurih\u00e4irinn\u00e4st\u00e4 ja vastamainoksista tehtyj\u00e4 tutkielmia.\u00a0<\/strong><strong>Ja ihmeess\u00e4 vinkatkaa meille lis\u00e4\u00e4 n\u00e4it\u00e4!\u00a0<\/strong><\/p>\n<p>Kuten n\u00e4ist\u00e4 voi\u00a0huomata, mainonnan keinot jalostuvat. kuvat kehittyv\u00e4t ja tulkinnat ovat kovin sodoksissa aikaansa. Ironiset kiskaisut, jotka saattoivat ravistella yhti\u00f6it\u00e4 viel\u00e4 kymmenen vuotta sitten ja jotka joskus johtivat oikeusjuttuihin maineen vaarantumisen pelossa, kelpaavat nyt jopa\u00a0yhti\u00f6iden omiksi\u00a0kampanjoiksi. Kieli kehittyy \u2013 my\u00f6s semioottinen ja semanttinen sellainen.<\/p>\n<p>Niinp\u00e4 vastamainosmaakareiden ja kulttuurih\u00e4irik\u00f6iden on koko ajan tarkkaan mietitt\u00e4v\u00e4 mik\u00e4 juuri nyt on kuvastoa, joka tuo esiin kriittisen ja paljastavan viestins\u00e4 samalla todellisuutta korjaten.<\/p>\n<div class=\"subjectLine\"><img decoding=\"async\" class=\"size-full wp-image-11332 alignleft\" src=\"https:\/\/voima.fi\/hairikot\/wp-content\/uploads\/sites\/9\/2020\/04\/obey.jpg\" alt=\"obey\" width=\"500\" height=\"334\" \/><\/div>\n<p><strong>Kemppainen, Eeva<\/strong>. Material culture studies and creative teaching of commodity geographies. Helsingin yliopisto, Maantiede 2013.\u00a0<a href=\"http:\/\/kuilutumpeen.fi\/gradukappaleet\/\" target=\"_blank\" rel=\"noopener noreferrer nofollow\" class=\"external\">http:\/\/kuilutumpeen.fi\/gradukappaleet\/<\/a><\/p>\n<p>Tutkielma yhdist\u00e4\u00e4 kokemuksia Englannissa ja Suomessa.<em> &#8221;Pro gradu -tutkielma esittelee materiaalikulttuuritutkimusta ja kannustaa luovaan opetukseen. Painopiste on kulutustuotteiden maantieteess\u00e4, joka sis\u00e4lt\u00e4\u00e4 tuoteketjutarinoita, kysymyksi\u00e4 kaupan oikeudenmukaisuudesta, radikaalipedagogiikkaa ja kulttuuriaktivismia. \u00a0&#8212; Tutkielmassa tarkastellaan, miten kaupan oikeudenmukaisuusopetuksessa on tehty yhteisty\u00f6t\u00e4 usein erillisin\u00e4 toimivien akatemian, opetuksen kehitt\u00e4misen, kansalaisj\u00e4rjest\u00f6jen ja kulttuuriaktivismin v\u00e4lill\u00e4 Englannissa ja Suomessa.&#8221;<\/em><\/p>\n<p><strong>Kuvaja, Tiina<\/strong>. Kun kuva tulkitaan ironisesti. Tampereen yliopisto, Tiedotusoppi 2012.\u00a0<a href=\"https:\/\/tampub.uta.fi\/handle\/10024\/84160\" target=\"_blank\" rel=\"noopener noreferrer nofollow\" class=\"external\">https:\/\/tampub.uta.fi\/handle\/10024\/84160<\/a><\/p>\n<p>Voima ja Barthes ne yhteen soppii!<em>\u00a0&#8221;Aineistoni koostuu kahdesta harkinnanvaraisesti valitusta vastamainoksesta, jotka on alun perin julkaistu Voima-lehdess\u00e4 vuosina 2006 ja 2011. Tutkimusstrategiana k\u00e4yt\u00e4n semioottista luentaa ja menetelm\u00e4suuntaukseni on kvalitatiivinen. Metodini on kuvien l\u00e4hiluku, jossa hy\u00f6dynn\u00e4n strukturalistista semiotiikkaa. Analyysiss\u00e4 k\u00e4yt\u00e4n Roland Barthesin semioottista koodistoa, jonka avulla saan selville tekij\u00f6it\u00e4, jotka vaikuttavat ironisen tulkinnan muodostumiseen. <\/em><br \/>\n<em>Sovellan tutkimukseni teoreettiseen viitekehykseen teoriaa kielitieteiden puolelta, sill\u00e4 etenkin ironiaa on tutkittu aiemmin l\u00e4hinn\u00e4 kielitieteellisest\u00e4 n\u00e4k\u00f6kulmasta. Tutkimuksen teoriaosassa perehdyn my\u00f6s vastamainontaan ilmi\u00f6n\u00e4. Sen ymm\u00e4rt\u00e4miseksi teen lis\u00e4ksi katsauksen mainonnan maailmaan, josta muodostuu ty\u00f6lle olennainen sivujuonne.&#8221;<\/em><\/p>\n<p><strong>Lattunen, Tuija<\/strong>: H\u00e4irinn\u00e4n politiikkaa. Uuden poliittisen toiminnan esteettinen teoria. Helsingin yliopisto. Yleinen valtio-oppi 2003.\u00a0<a href=\"https:\/\/kansalliskirjasto.finna.fi\/Record\/helka.1872811\" target=\"_blank\" rel=\"noopener noreferrer nofollow\" class=\"external\">https:\/\/kansalliskirjasto.finna.fi\/Record\/helka.1872811<\/a><\/p>\n<p>Lattusen tutkimuksen tiivistelm\u00e4\u00e4 ei l\u00f6ydy netist\u00e4 (mikrokortilla se on), mutta asiasanoja ja sanaryhmi\u00e4 ovat\u00a0<em>Welsch, Wolfgang. Kulttuuri ja protestit. Politiikka, muutos, estetiikka. Protestikulttuuri. Vastamainonta.<\/em><\/p>\n<p><strong>Latvala, Anne-Mari<\/strong>. Mediakuvista! Kriittisi\u00e4 mediakuvanlukutaitoja kehitt\u00e4m\u00e4ss\u00e4 kuvataiteen keinoin. Kasvatustiede, luokanopettajan koulutus 2015.\u00a0<a href=\"https:\/\/tampub.uta.fi\/handle\/10024\/97777\" target=\"_blank\" rel=\"noopener noreferrer nofollow\" class=\"external\">https:\/\/tampub.uta.fi\/handle\/10024\/97777<\/a><\/p>\n<p>Tutkimus todistaa, etteiv\u00e4t nuoret ole tyhmi\u00e4 ja ett\u00e4 he osaavat tulkita kuvia! &#8221;Tutkimuksen<em> teoreettinen viitekehys muodostui Puolimatkan realistisesta kasvatuksen mallista, sek\u00e4 mediatodellisuuden konstruktivistisesta luonteesta, Giroux\u2019n ja Freiren kriittisen kasvatuksen suuntauksista, Suorannan taistelevasta tutkimuksesta sek\u00e4 taideperustaisesta tutkimuksesta. Lis\u00e4ksi kriittisen mediakuvanlukutaidon k\u00e4sitett\u00e4 hahmoteltiin mediakasvatuksen, kriittisen kasvatuksen, kuvataidekasvatuksen sek\u00e4 lukutaitoteorioiden kautta. <\/em><br \/>\n<em>Kyseess\u00e4 oli toimintatutkimuksellinen tapaustutkimus, johon osallistui 34 kahdeksasluokkalaista nuorta. Aineistona k\u00e4ytettiin kyselylomakkeiden sanallisia ilmauksia sek\u00e4 oppilaiden tuottamia kuvataidet\u00f6it\u00e4. Aineistoanalyysi toteutettiin teorial\u00e4ht\u00f6isell\u00e4 sis\u00e4ll\u00f6nanalyysilla sek\u00e4 semioottisella kuva-analyysilla. <\/em><br \/>\n<em>Tulokset osoittivat, ett\u00e4 oppilaat k\u00e4sitteliv\u00e4t kriittisi\u00e4 teemoja varsin monipuolisesti. Yhteens\u00e4 24 teemaa sis\u00e4ltyi viiteen p\u00e4\u00e4luokkaan, jotka k\u00e4sitteliv\u00e4t identiteetinrakennusta, totuudellisuutta, kyseenalaistamista, yhteiskunnallisuutta sek\u00e4 luokkaa Muut.&#8221;<\/em><\/p>\n<p><strong>Mannila, Annina<\/strong>. Mainoskuplaa puhkaisemassa. Vastamainonta merkityksist\u00e4 kamppailun kentt\u00e4n\u00e4. Tampereen yliopisto, Valtio-oppi 2009.\u00a0<a href=\"https:\/\/tampub.uta.fi\/handle\/10024\/81233\" target=\"_blank\" rel=\"noopener noreferrer nofollow\" class=\"external\">https:\/\/tampub.uta.fi\/handle\/10024\/81233<\/a><\/p>\n<p>Voimakin on tutkimuksessa: <em>&#8221;Tutkielmani aiheena on kamppailu, jota vastamainokset k\u00e4yv\u00e4t mainonnan hegemonisia diskursseja vastaan. Tarkoitukseni on selvitt\u00e4\u00e4, miten vastamainonta purkaa mainonnan merkityksi\u00e4 ja millaisia vaihtoehtoisia merkityksi\u00e4 se rakentaa. Tutkin my\u00f6s sit\u00e4, millaista k\u00e4sityst\u00e4 poliittisesta toimijuudesta vastamainonta tuottaa. <\/em><br \/>\n<em>Aineistoni koostuu Voima-lehden ja Luonto-Liiton j\u00e4rjest\u00e4m\u00e4ss\u00e4 Mainoskupla-kilpailussa vuonna 2007 jatkoon valituista vastamainoksista. Tutkimusmenetelmin\u00e4 k\u00e4yt\u00e4n semiotiikkaa ja kriittist\u00e4 diskurssianalyysi\u00e4. <\/em><br \/>\n<em>Mainonta ja vastamainonta ovat kilpailevia diskursseja, jotka mahdollistavat todellisuuden n\u00e4kemisen tietyll\u00e4 tavalla ja sulkevat muita n\u00e4k\u00f6kulmia pois.&#8221;<\/em><\/p>\n<p><strong>M\u00e4nnist\u00f6, Sini<\/strong>. Vastamainonta \u2013 performatiivista h\u00e4irinn\u00e4n politiikkaa. Oikeutta El\u00e4imille &#8211; yhdistyksen vastamainoskampanjat yhteiskunnallisessa m\u00e4\u00e4rittelykamppailussa. Tampereen yliopisto, Valtio-oppi 2009.\u00a0<a href=\"https:\/\/tampub.uta.fi\/handle\/10024\/81094\" target=\"_blank\" rel=\"noopener noreferrer nofollow\" class=\"external\">https:\/\/tampub.uta.fi\/handle\/10024\/81094<\/a><\/p>\n<p>Niinkuin lapsi paljastaa\u00a0keisarin uudet vaatteet, niin me H\u00e4irik\u00f6tkin paljastamme \u00e4lyllist\u00e4 onttouttaan kolisevan vallan h\u00e4m\u00e4\u00e4vyyden:<em> &#8221;Pro gradu -tutkielmassani k\u00e4sittelen vastamainontaa performatiivisena h\u00e4irinn\u00e4n politiikkana ja vastamainonnan tarjoamia mahdollisuuksia yhteiskunnallisessa m\u00e4\u00e4rittelykamppailussa. Performatiivisella h\u00e4irinn\u00e4n politiikalla viittaan konstruktionistisen todellisuusk\u00e4sityksen, yhteiskunnan medioitumisen sek\u00e4 uusien yhteiskunnallisten liikkeiden vaikutusten my\u00f6t\u00e4 syntyneeksi uudenlaiseksi poliittiseksi toimintatavaksi, johon my\u00f6s vastamainonta lukeutuu. Performatiivisen h\u00e4irinn\u00e4n politiikan ymm\u00e4rr\u00e4n n\u00e4kyv\u00e4ksi tekemisen politiikkana, jossa purkavan, osallistavan ja muuttavan j\u00e4nnitteen avulla on mahdollisuus paljastaa yhteiskunnallisten konventioiden ja sis\u00e4istettyjen arkisten k\u00e4yt\u00e4nteiden takana piilev\u00e4 poliittinen todellisuus.&#8221;<\/em><\/p>\n<p><strong>Nurmilaakso, Minna-Liisa<\/strong>. Vastamainonnan Voima. Kuva-analyysi kuluttamisen politisoinnista Voima-lehden vastamainoksissa 2001-2009. Tampereen yliopisto, Valtio-oppi 2010\u00a0<a href=\"https:\/\/tampub.uta.fi\/handle\/10024\/82086\" target=\"_blank\" rel=\"noopener noreferrer nofollow\" class=\"external\">https:\/\/tampub.uta.fi\/handle\/10024\/82086<\/a><\/p>\n<p>Sano suoraan vaan ett\u00e4 Voima on vallankumouksellinen:<em> \u00a0&#8221;Tutkimusaineisto koostuu Voima-lehden vastamainoksista, joita analysoidaan sis\u00e4ll\u00f6nanalyysin ja semiotiikan avulla. Aineistoon sovelletaan semiootikko Roland Barthesin yhteiskuntakritiikin ty\u00f6kalua, myyttikritiikki\u00e4, jonka avulla voidaan hahmottaa visuaalisessa kulttuurissa vallitsevia normeja ja valtahierarkioita. Tutkimuksen avulla halutaan selvitt\u00e4\u00e4, millaisia yhteiskunnallisia normeja purkamalla vastamainonta uudelleen merkityksellist\u00e4\u00e4 l\u00e4nsimaista kulutuskulttuuria. Keskeisimpi\u00e4 tutkimuskysymyksi\u00e4 ovat: Miten Voiman vastamainoksissa representoidaan kuluttamista ja kansalaisia kuluttajina? Miten vastamainonta toimii performatiivisena politiikkana?&#8221;<\/em><\/p>\n<p><em>\u00a0<\/em><strong>Sairanen, Emmi <\/strong>ja<strong> T\u00f6rr\u00f6nen, Suvi<\/strong>.\u00a0Vastamainonta terveystiedossa, opetusvinkki.\u00a0<a href=\"http:\/\/www.mediakasvatus.fi\/files\/u4\/terveystiedonmediapaketti.pdf\" target=\"_blank\" rel=\"noopener noreferrer nofollow\" class=\"external\">http:\/\/www.mediakasvatus.fi\/files\/u4\/terveystiedonmediapaketti.pdf<\/a><\/p>\n<p><em>&#8221;Mainonta levitt\u00e4\u00e4 terveystietoa ja muokkaa k\u00e4sityksi\u00e4mme terveist\u00e4 elintavoista, normaalista ja tavoiteltavasta el\u00e4m\u00e4st\u00e4. Vastamainonta k\u00e4ytt\u00e4\u00e4 mainonnan keinoja hyv\u00e4kseen, mutta kyseenalaistaa sen l\u00e4ht\u00f6kohtia. Usein vastamainos kritisoi sek\u00e4 mainontaa ett\u00e4 mainostettavaa tuotetta. Teht\u00e4v\u00e4n tarkoituksena on saada oppilaat n\u00e4kem\u00e4\u00e4n, miten mainonta tuottaa mielikuvia terveyksist\u00e4 ja sairauksista myynnin maksimoimiseksi. Mainos on vaikuttamisen v\u00e4line. Teht\u00e4v\u00e4n aluksi oppilaat tarkastelevat erilaisia vastamainoksia. Opettajan johdolla oppilaat keskustelevat hyv\u00e4n vastamainoksen kriteereist\u00e4. Mihin vastamainos pyrkii ja miksi? Mik\u00e4 saa mainoksen toimimaan? Miten viesti tuodaan parhaiten esille?&#8221;<\/em><\/p>\n<p><img decoding=\"async\" class=\"size-full wp-image-11329 alignleft\" src=\"https:\/\/voima.fi\/hairikot\/wp-content\/uploads\/sites\/9\/2020\/04\/hqdefault.jpg\" alt=\"hqdefault\" width=\"480\" height=\"360\" \/><\/p>\n<\/div>\n","protected":false},"excerpt":{"rendered":"<p>T\u00e4ss\u00e4 muutamia kulttuurih\u00e4irinn\u00e4st\u00e4 ja vastamainoksista tehtyj\u00e4 tutkielmia.\u00a0Ja ihmeess\u00e4 vinkatkaa meille lis\u00e4\u00e4 n\u00e4it\u00e4!\u00a0 Kuten n\u00e4ist\u00e4 voi\u00a0huomata, mainonnan keinot jalostuvat. kuvat kehittyv\u00e4t ja tulkinnat ovat kovin sodoksissa aikaansa. Ironiset kiskaisut, jotka saattoivat ravistella yhti\u00f6it\u00e4 viel\u00e4 kymmenen vuotta sitten ja jotka joskus johtivat oikeusjuttuihin maineen vaarantumisen pelossa, kelpaavat nyt jopa\u00a0yhti\u00f6iden omiksi\u00a0kampanjoiksi. Kieli kehittyy \u2013 my\u00f6s semioottinen ja semanttinen [&hellip;]<\/p>\n","protected":false},"author":3,"featured_media":0,"parent":0,"menu_order":0,"comment_status":"closed","ping_status":"closed","template":"","meta":{"footnotes":""},"categories":[],"tags":[],"yoast_head":"<!-- This site is optimized with the Yoast SEO plugin v22.7 - https:\/\/yoast.com\/wordpress\/plugins\/seo\/ -->\n<title>Taustatietoa - H\u00e4irik\u00f6t-p\u00e4\u00e4maja<\/title>\n<meta name=\"robots\" content=\"index, follow, max-snippet:-1, max-image-preview:large, max-video-preview:-1\" \/>\n<link rel=\"canonical\" href=\"https:\/\/voima.fi\/hairikot\/taustatietoa\/\" \/>\n<meta property=\"og:locale\" content=\"fi_FI\" \/>\n<meta property=\"og:type\" content=\"article\" \/>\n<meta property=\"og:title\" content=\"Taustatietoa - H\u00e4irik\u00f6t-p\u00e4\u00e4maja\" \/>\n<meta property=\"og:description\" content=\"T\u00e4ss\u00e4 muutamia kulttuurih\u00e4irinn\u00e4st\u00e4 ja vastamainoksista tehtyj\u00e4 tutkielmia.\u00a0Ja ihmeess\u00e4 vinkatkaa meille lis\u00e4\u00e4 n\u00e4it\u00e4!\u00a0 Kuten n\u00e4ist\u00e4 voi\u00a0huomata, mainonnan keinot jalostuvat. kuvat kehittyv\u00e4t ja tulkinnat ovat kovin sodoksissa aikaansa. Ironiset kiskaisut, jotka saattoivat ravistella yhti\u00f6it\u00e4 viel\u00e4 kymmenen vuotta sitten ja jotka joskus johtivat oikeusjuttuihin maineen vaarantumisen pelossa, kelpaavat nyt jopa\u00a0yhti\u00f6iden omiksi\u00a0kampanjoiksi. Kieli kehittyy \u2013 my\u00f6s semioottinen ja semanttinen [&hellip;]\" \/>\n<meta property=\"og:url\" content=\"https:\/\/voima.fi\/hairikot\/taustatietoa\/\" \/>\n<meta property=\"og:site_name\" content=\"H\u00e4irik\u00f6t-p\u00e4\u00e4maja\" \/>\n<meta property=\"article:modified_time\" content=\"2022-01-13T13:18:36+00:00\" \/>\n<meta property=\"og:image\" content=\"https:\/\/voima.fi\/hairikot\/wp-content\/uploads\/sites\/9\/2020\/04\/obey.jpg\" \/>\n<meta name=\"twitter:card\" content=\"summary_large_image\" \/>\n<meta name=\"twitter:label1\" content=\"Arvioitu lukuaika\" \/>\n\t<meta name=\"twitter:data1\" content=\"4 minuuttia\" \/>\n<script type=\"application\/ld+json\" class=\"yoast-schema-graph\">{\"@context\":\"https:\/\/schema.org\",\"@graph\":[{\"@type\":\"WebPage\",\"@id\":\"https:\/\/voima.fi\/hairikot\/taustatietoa\/\",\"url\":\"https:\/\/voima.fi\/hairikot\/taustatietoa\/\",\"name\":\"Taustatietoa - H\u00e4irik\u00f6t-p\u00e4\u00e4maja\",\"isPartOf\":{\"@id\":\"https:\/\/voima.fi\/hairikot\/#website\"},\"primaryImageOfPage\":{\"@id\":\"https:\/\/voima.fi\/hairikot\/taustatietoa\/#primaryimage\"},\"image\":{\"@id\":\"https:\/\/voima.fi\/hairikot\/taustatietoa\/#primaryimage\"},\"thumbnailUrl\":\"https:\/\/voima.fi\/hairikot\/wp-content\/uploads\/sites\/9\/2020\/04\/obey.jpg\",\"datePublished\":\"2016-03-28T21:00:00+00:00\",\"dateModified\":\"2022-01-13T13:18:36+00:00\",\"breadcrumb\":{\"@id\":\"https:\/\/voima.fi\/hairikot\/taustatietoa\/#breadcrumb\"},\"inLanguage\":\"fi\",\"potentialAction\":[{\"@type\":\"ReadAction\",\"target\":[\"https:\/\/voima.fi\/hairikot\/taustatietoa\/\"]}]},{\"@type\":\"ImageObject\",\"inLanguage\":\"fi\",\"@id\":\"https:\/\/voima.fi\/hairikot\/taustatietoa\/#primaryimage\",\"url\":\"https:\/\/voima.fi\/hairikot\/wp-content\/uploads\/sites\/9\/2020\/04\/obey.jpg\",\"contentUrl\":\"https:\/\/voima.fi\/hairikot\/wp-content\/uploads\/sites\/9\/2020\/04\/obey.jpg\",\"width\":500,\"height\":334},{\"@type\":\"BreadcrumbList\",\"@id\":\"https:\/\/voima.fi\/hairikot\/taustatietoa\/#breadcrumb\",\"itemListElement\":[{\"@type\":\"ListItem\",\"position\":1,\"name\":\"Home\",\"item\":\"https:\/\/voima.fi\/hairikot\/\"},{\"@type\":\"ListItem\",\"position\":2,\"name\":\"Taustatietoa\"}]},{\"@type\":\"WebSite\",\"@id\":\"https:\/\/voima.fi\/hairikot\/#website\",\"url\":\"https:\/\/voima.fi\/hairikot\/\",\"name\":\"H\u00e4irik\u00f6t-p\u00e4\u00e4maja\",\"description\":\"\",\"potentialAction\":[{\"@type\":\"SearchAction\",\"target\":{\"@type\":\"EntryPoint\",\"urlTemplate\":\"https:\/\/voima.fi\/hairikot\/?s={search_term_string}\"},\"query-input\":\"required name=search_term_string\"}],\"inLanguage\":\"fi\"}]}<\/script>\n<!-- \/ Yoast SEO plugin. -->","yoast_head_json":{"title":"Taustatietoa - H\u00e4irik\u00f6t-p\u00e4\u00e4maja","robots":{"index":"index","follow":"follow","max-snippet":"max-snippet:-1","max-image-preview":"max-image-preview:large","max-video-preview":"max-video-preview:-1"},"canonical":"https:\/\/voima.fi\/hairikot\/taustatietoa\/","og_locale":"fi_FI","og_type":"article","og_title":"Taustatietoa - H\u00e4irik\u00f6t-p\u00e4\u00e4maja","og_description":"T\u00e4ss\u00e4 muutamia kulttuurih\u00e4irinn\u00e4st\u00e4 ja vastamainoksista tehtyj\u00e4 tutkielmia.\u00a0Ja ihmeess\u00e4 vinkatkaa meille lis\u00e4\u00e4 n\u00e4it\u00e4!\u00a0 Kuten n\u00e4ist\u00e4 voi\u00a0huomata, mainonnan keinot jalostuvat. kuvat kehittyv\u00e4t ja tulkinnat ovat kovin sodoksissa aikaansa. Ironiset kiskaisut, jotka saattoivat ravistella yhti\u00f6it\u00e4 viel\u00e4 kymmenen vuotta sitten ja jotka joskus johtivat oikeusjuttuihin maineen vaarantumisen pelossa, kelpaavat nyt jopa\u00a0yhti\u00f6iden omiksi\u00a0kampanjoiksi. Kieli kehittyy \u2013 my\u00f6s semioottinen ja semanttinen [&hellip;]","og_url":"https:\/\/voima.fi\/hairikot\/taustatietoa\/","og_site_name":"H\u00e4irik\u00f6t-p\u00e4\u00e4maja","article_modified_time":"2022-01-13T13:18:36+00:00","og_image":[{"url":"https:\/\/voima.fi\/hairikot\/wp-content\/uploads\/sites\/9\/2020\/04\/obey.jpg"}],"twitter_card":"summary_large_image","twitter_misc":{"Arvioitu lukuaika":"4 minuuttia"},"schema":{"@context":"https:\/\/schema.org","@graph":[{"@type":"WebPage","@id":"https:\/\/voima.fi\/hairikot\/taustatietoa\/","url":"https:\/\/voima.fi\/hairikot\/taustatietoa\/","name":"Taustatietoa - H\u00e4irik\u00f6t-p\u00e4\u00e4maja","isPartOf":{"@id":"https:\/\/voima.fi\/hairikot\/#website"},"primaryImageOfPage":{"@id":"https:\/\/voima.fi\/hairikot\/taustatietoa\/#primaryimage"},"image":{"@id":"https:\/\/voima.fi\/hairikot\/taustatietoa\/#primaryimage"},"thumbnailUrl":"https:\/\/voima.fi\/hairikot\/wp-content\/uploads\/sites\/9\/2020\/04\/obey.jpg","datePublished":"2016-03-28T21:00:00+00:00","dateModified":"2022-01-13T13:18:36+00:00","breadcrumb":{"@id":"https:\/\/voima.fi\/hairikot\/taustatietoa\/#breadcrumb"},"inLanguage":"fi","potentialAction":[{"@type":"ReadAction","target":["https:\/\/voima.fi\/hairikot\/taustatietoa\/"]}]},{"@type":"ImageObject","inLanguage":"fi","@id":"https:\/\/voima.fi\/hairikot\/taustatietoa\/#primaryimage","url":"https:\/\/voima.fi\/hairikot\/wp-content\/uploads\/sites\/9\/2020\/04\/obey.jpg","contentUrl":"https:\/\/voima.fi\/hairikot\/wp-content\/uploads\/sites\/9\/2020\/04\/obey.jpg","width":500,"height":334},{"@type":"BreadcrumbList","@id":"https:\/\/voima.fi\/hairikot\/taustatietoa\/#breadcrumb","itemListElement":[{"@type":"ListItem","position":1,"name":"Home","item":"https:\/\/voima.fi\/hairikot\/"},{"@type":"ListItem","position":2,"name":"Taustatietoa"}]},{"@type":"WebSite","@id":"https:\/\/voima.fi\/hairikot\/#website","url":"https:\/\/voima.fi\/hairikot\/","name":"H\u00e4irik\u00f6t-p\u00e4\u00e4maja","description":"","potentialAction":[{"@type":"SearchAction","target":{"@type":"EntryPoint","urlTemplate":"https:\/\/voima.fi\/hairikot\/?s={search_term_string}"},"query-input":"required name=search_term_string"}],"inLanguage":"fi"}]}},"enclosure":{"image":"https:\/\/voima.fi\/hairikot\/wp-content\/uploads\/sites\/9\/2020\/04\/obey.jpg"},"meta:avatar":"","geolocation":[],"meta:youtube":null,"meta:vimeo":null,"meta:duration":null,"_links":{"self":[{"href":"https:\/\/voima.fi\/hairikot\/wp-json\/wp\/v2\/pages\/17725"}],"collection":[{"href":"https:\/\/voima.fi\/hairikot\/wp-json\/wp\/v2\/pages"}],"about":[{"href":"https:\/\/voima.fi\/hairikot\/wp-json\/wp\/v2\/types\/page"}],"author":[{"embeddable":true,"href":"https:\/\/voima.fi\/hairikot\/wp-json\/wp\/v2\/users\/3"}],"replies":[{"embeddable":true,"href":"https:\/\/voima.fi\/hairikot\/wp-json\/wp\/v2\/comments?post=17725"}],"version-history":[{"count":6,"href":"https:\/\/voima.fi\/hairikot\/wp-json\/wp\/v2\/pages\/17725\/revisions"}],"predecessor-version":[{"id":19470,"href":"https:\/\/voima.fi\/hairikot\/wp-json\/wp\/v2\/pages\/17725\/revisions\/19470"}],"wp:attachment":[{"href":"https:\/\/voima.fi\/hairikot\/wp-json\/wp\/v2\/media?parent=17725"}],"wp:term":[{"taxonomy":"category","embeddable":true,"href":"https:\/\/voima.fi\/hairikot\/wp-json\/wp\/v2\/categories?post=17725"},{"taxonomy":"post_tag","embeddable":true,"href":"https:\/\/voima.fi\/hairikot\/wp-json\/wp\/v2\/tags?post=17725"}],"curies":[{"name":"wp","href":"https:\/\/api.w.org\/{rel}","templated":true}]}}