{"id":17720,"date":"2016-02-29T00:00:00","date_gmt":"2016-02-28T22:00:00","guid":{"rendered":"http:\/\/voima.fi\/hairikot\/faq\/"},"modified":"2022-01-13T15:21:48","modified_gmt":"2022-01-13T13:21:48","slug":"faq","status":"publish","type":"page","link":"https:\/\/voima.fi\/hairikot\/faq\/","title":{"rendered":"FAQ"},"content":{"rendered":"<div class=\"headimage\"><img decoding=\"async\" class=\"alignnone wp-image-11012\" style=\"width: 100%\" src=\"https:\/\/voima.fi\/hairikot\/wp-content\/uploads\/sites\/9\/2020\/04\/Carousel-Banner_FAQ-scaled.jpg\" alt=\"Carousel Banner_FAQ\" \/><\/div>\n<div class=\"column50\">\n<\/p>\n<p>H\u00e4irik\u00f6t-p\u00e4\u00e4maja on kulttuurih\u00e4irint\u00e4\u00e4n keskittynyt sivusto. Kulttuurih\u00e4irint\u00e4 on taiteen ja aktivismin rajapinnassa tapahtuvaa liikehdint\u00e4\u00e4 ja toimintaa, joka haastaa yhteiskuntamme valtarakenteet. Termi kulttuurih\u00e4irint\u00e4 (culture jamming) on johdettu sodank\u00e4yntiin liittyv\u00e4st\u00e4 termist\u00e4 radioh\u00e4irint\u00e4 (radio jamming). Kulttuurih\u00e4irinn\u00e4n avulla voidaan luoda h\u00e4iri\u00f6tiloja julkiseen tilaan ja n\u00e4m\u00e4 h\u00e4iri\u00f6t mahdollistavat maailman n\u00e4kemisen toisin.<\/p>\n<h2>Mit\u00e4 kaikkea kulttuurih\u00e4irint\u00e4 on?<\/h2>\n<p>Kulttuurih\u00e4irint\u00e4 materialisoituu monessa muodossa, eik\u00e4 turhan tarkkoja rajauksia kannata tehd\u00e4. Usein kulttuurih\u00e4irint\u00e4 on vastamainoksia, katutaidetta tai vaikka odottamattomia performansseja julkisessa tilassa.<\/p>\n<hr \/>\n<h2>Rakastatteko neuvostoliittoa?<\/h2>\n<p>Kukapa nyt ei rakastaisi?<\/p>\n<hr \/>\n<h2>H\u00e4irik\u00f6t-p\u00e4\u00e4majan sein\u00e4ll\u00e4 on mainosbannereita ja silti v\u00e4it\u00e4tte olevanne mainoskriittisi\u00e4. oletteko kenties hieman skitsofreenisi\u00e4?<\/h2>\n<p>Mielest\u00e4mme on t\u00e4rke\u00e4\u00e4 suhtautua mainoksiin kriittisesti. Suhtaudummehan kriittisesti l\u00e4hes kaikkeen muuhunkin inhimilliseen. Se, ett\u00e4 yritykset ja poliitikot ovat valinneet mainoksen p\u00e4\u00e4asialliseksi viestint\u00e4tavaksi meille kuluttajakansalaisille viestimiseen tarkoittaa n\u00e4hd\u00e4ksemme sit\u00e4, ett\u00e4 mainoksiakin tulisi tarkastella kriittisesti. Mik\u00e4li t\u00f6rm\u00e4\u00e4mme mainokseen, joka on turhan paljon ristiriidassa mainostajan toimien kanssa, teemme siit\u00e4 mielell\u00e4mme vastamainoksen.<br \/>\nN\u00e4hd\u00e4ksemme on my\u00f6s t\u00e4ysin asiallista kommentoida ja analysoida mainoksia niiden omaa muotokielt\u00e4 k\u00e4ytt\u00e4en.<\/p>\n<hr \/>\n<h2>Kuinka aiotte popularisoida tiedett\u00e4? ja miksi ihmeess\u00e4?<\/h2>\n<p>Yhteiskunnassa, jossa poliitikot pyrkiv\u00e4t kuristamaan yliopistot, koulut ja opiskelijat kaikin mahdollisin keinoin, tarvitaan meluisia puheenvuoroja j\u00e4rjen \u00e4\u00e4nen puolesta.<br \/>\nVastauksemme p\u00e4\u00e4ministerin &#8221;kaiken maailman dosentit&#8221; -letkautukselle on sarja H\u00e4irik\u00f6iv\u00e4t dosentit -tilaisuuksia. Dosenttimme eiv\u00e4t p\u00e4ivyst\u00e4 puhelimen vieress\u00e4, vaan astuvat yhteiskunnallisen keskustelun keski\u00f6\u00f6n.<br \/>\nH\u00e4irik\u00f6iv\u00e4t dosentit -tapahtumat tuovat yleis\u00f6n eteen tutkijat, aktivistit ja taiteilijat, jotka pureutuvat eri suunnista kulloiseenkin aiheeseen. Tilaisuuksissa syntyneist\u00e4 huomioista teemme kulttuurih\u00e4irinn\u00e4llisi\u00e4 ulostuloja, joita levitet\u00e4\u00e4n Voiman lis\u00e4ksi internetin tietoverkoissa ja jotka ajoittain l\u00f6yt\u00e4v\u00e4t tiens\u00e4 my\u00f6s julkiseen tilaan.<br \/>\nMeille mik\u00e4\u00e4n inhimillinen ei ole vierasta. K\u00e4sittelemme muun muassa finanssikriisi\u00e4, sukupuolirooleja, ihmisoikeuksia ja alkuper\u00e4iskansojen asemaa yhteiskunnassa. Puimme ilmastonmuutosta, demokratian kriisi\u00e4, nationalismia, el\u00e4inoikeuksia ja<\/p>\n<hr \/>\n<\/div>\n","protected":false},"excerpt":{"rendered":"<p>H\u00e4irik\u00f6t-p\u00e4\u00e4maja on kulttuurih\u00e4irint\u00e4\u00e4n keskittynyt sivusto. Kulttuurih\u00e4irint\u00e4 on taiteen ja aktivismin rajapinnassa tapahtuvaa liikehdint\u00e4\u00e4 ja toimintaa, joka haastaa yhteiskuntamme valtarakenteet. Termi kulttuurih\u00e4irint\u00e4 (culture jamming) on johdettu sodank\u00e4yntiin liittyv\u00e4st\u00e4 termist\u00e4 radioh\u00e4irint\u00e4 (radio jamming). Kulttuurih\u00e4irinn\u00e4n avulla voidaan luoda h\u00e4iri\u00f6tiloja julkiseen tilaan ja n\u00e4m\u00e4 h\u00e4iri\u00f6t mahdollistavat maailman n\u00e4kemisen toisin. Mit\u00e4 kaikkea kulttuurih\u00e4irint\u00e4 on? Kulttuurih\u00e4irint\u00e4 materialisoituu monessa muodossa, eik\u00e4 turhan [&hellip;]<\/p>\n","protected":false},"author":1,"featured_media":17721,"parent":0,"menu_order":0,"comment_status":"closed","ping_status":"closed","template":"","meta":{"footnotes":""},"categories":[],"tags":[],"yoast_head":"<!-- This site is optimized with the Yoast SEO plugin v22.7 - https:\/\/yoast.com\/wordpress\/plugins\/seo\/ -->\n<title>FAQ - H\u00e4irik\u00f6t-p\u00e4\u00e4maja<\/title>\n<meta name=\"robots\" content=\"index, follow, max-snippet:-1, max-image-preview:large, max-video-preview:-1\" \/>\n<link rel=\"canonical\" href=\"https:\/\/voima.fi\/hairikot\/faq\/\" \/>\n<meta property=\"og:locale\" content=\"fi_FI\" \/>\n<meta property=\"og:type\" content=\"article\" \/>\n<meta property=\"og:title\" content=\"FAQ - H\u00e4irik\u00f6t-p\u00e4\u00e4maja\" \/>\n<meta property=\"og:description\" content=\"H\u00e4irik\u00f6t-p\u00e4\u00e4maja on kulttuurih\u00e4irint\u00e4\u00e4n keskittynyt sivusto. Kulttuurih\u00e4irint\u00e4 on taiteen ja aktivismin rajapinnassa tapahtuvaa liikehdint\u00e4\u00e4 ja toimintaa, joka haastaa yhteiskuntamme valtarakenteet. Termi kulttuurih\u00e4irint\u00e4 (culture jamming) on johdettu sodank\u00e4yntiin liittyv\u00e4st\u00e4 termist\u00e4 radioh\u00e4irint\u00e4 (radio jamming). Kulttuurih\u00e4irinn\u00e4n avulla voidaan luoda h\u00e4iri\u00f6tiloja julkiseen tilaan ja n\u00e4m\u00e4 h\u00e4iri\u00f6t mahdollistavat maailman n\u00e4kemisen toisin. Mit\u00e4 kaikkea kulttuurih\u00e4irint\u00e4 on? Kulttuurih\u00e4irint\u00e4 materialisoituu monessa muodossa, eik\u00e4 turhan [&hellip;]\" \/>\n<meta property=\"og:url\" content=\"https:\/\/voima.fi\/hairikot\/faq\/\" \/>\n<meta property=\"og:site_name\" content=\"H\u00e4irik\u00f6t-p\u00e4\u00e4maja\" \/>\n<meta property=\"article:modified_time\" content=\"2022-01-13T13:21:48+00:00\" \/>\n<meta property=\"og:image\" content=\"https:\/\/voima.fi\/hairikot\/wp-content\/uploads\/sites\/9\/2020\/04\/Carousel-Banner_FAQ-scaled.jpg\" \/>\n\t<meta property=\"og:image:width\" content=\"2560\" \/>\n\t<meta property=\"og:image:height\" content=\"947\" \/>\n\t<meta property=\"og:image:type\" content=\"image\/jpeg\" \/>\n<meta name=\"twitter:card\" content=\"summary_large_image\" \/>\n<meta name=\"twitter:label1\" content=\"Arvioitu lukuaika\" \/>\n\t<meta name=\"twitter:data1\" content=\"2 minuuttia\" \/>\n<script type=\"application\/ld+json\" class=\"yoast-schema-graph\">{\"@context\":\"https:\/\/schema.org\",\"@graph\":[{\"@type\":\"WebPage\",\"@id\":\"https:\/\/voima.fi\/hairikot\/faq\/\",\"url\":\"https:\/\/voima.fi\/hairikot\/faq\/\",\"name\":\"FAQ - H\u00e4irik\u00f6t-p\u00e4\u00e4maja\",\"isPartOf\":{\"@id\":\"https:\/\/voima.fi\/hairikot\/#website\"},\"primaryImageOfPage\":{\"@id\":\"https:\/\/voima.fi\/hairikot\/faq\/#primaryimage\"},\"image\":{\"@id\":\"https:\/\/voima.fi\/hairikot\/faq\/#primaryimage\"},\"thumbnailUrl\":\"https:\/\/voima.fi\/hairikot\/wp-content\/uploads\/sites\/9\/2020\/04\/Carousel-Banner_FAQ-scaled.jpg\",\"datePublished\":\"2016-02-28T22:00:00+00:00\",\"dateModified\":\"2022-01-13T13:21:48+00:00\",\"breadcrumb\":{\"@id\":\"https:\/\/voima.fi\/hairikot\/faq\/#breadcrumb\"},\"inLanguage\":\"fi\",\"potentialAction\":[{\"@type\":\"ReadAction\",\"target\":[\"https:\/\/voima.fi\/hairikot\/faq\/\"]}]},{\"@type\":\"ImageObject\",\"inLanguage\":\"fi\",\"@id\":\"https:\/\/voima.fi\/hairikot\/faq\/#primaryimage\",\"url\":\"https:\/\/voima.fi\/hairikot\/wp-content\/uploads\/sites\/9\/2020\/04\/Carousel-Banner_FAQ-scaled.jpg\",\"contentUrl\":\"https:\/\/voima.fi\/hairikot\/wp-content\/uploads\/sites\/9\/2020\/04\/Carousel-Banner_FAQ-scaled.jpg\",\"width\":2560,\"height\":947},{\"@type\":\"BreadcrumbList\",\"@id\":\"https:\/\/voima.fi\/hairikot\/faq\/#breadcrumb\",\"itemListElement\":[{\"@type\":\"ListItem\",\"position\":1,\"name\":\"Home\",\"item\":\"https:\/\/voima.fi\/hairikot\/\"},{\"@type\":\"ListItem\",\"position\":2,\"name\":\"FAQ\"}]},{\"@type\":\"WebSite\",\"@id\":\"https:\/\/voima.fi\/hairikot\/#website\",\"url\":\"https:\/\/voima.fi\/hairikot\/\",\"name\":\"H\u00e4irik\u00f6t-p\u00e4\u00e4maja\",\"description\":\"\",\"potentialAction\":[{\"@type\":\"SearchAction\",\"target\":{\"@type\":\"EntryPoint\",\"urlTemplate\":\"https:\/\/voima.fi\/hairikot\/?s={search_term_string}\"},\"query-input\":\"required name=search_term_string\"}],\"inLanguage\":\"fi\"}]}<\/script>\n<!-- \/ Yoast SEO plugin. -->","yoast_head_json":{"title":"FAQ - H\u00e4irik\u00f6t-p\u00e4\u00e4maja","robots":{"index":"index","follow":"follow","max-snippet":"max-snippet:-1","max-image-preview":"max-image-preview:large","max-video-preview":"max-video-preview:-1"},"canonical":"https:\/\/voima.fi\/hairikot\/faq\/","og_locale":"fi_FI","og_type":"article","og_title":"FAQ - H\u00e4irik\u00f6t-p\u00e4\u00e4maja","og_description":"H\u00e4irik\u00f6t-p\u00e4\u00e4maja on kulttuurih\u00e4irint\u00e4\u00e4n keskittynyt sivusto. Kulttuurih\u00e4irint\u00e4 on taiteen ja aktivismin rajapinnassa tapahtuvaa liikehdint\u00e4\u00e4 ja toimintaa, joka haastaa yhteiskuntamme valtarakenteet. Termi kulttuurih\u00e4irint\u00e4 (culture jamming) on johdettu sodank\u00e4yntiin liittyv\u00e4st\u00e4 termist\u00e4 radioh\u00e4irint\u00e4 (radio jamming). Kulttuurih\u00e4irinn\u00e4n avulla voidaan luoda h\u00e4iri\u00f6tiloja julkiseen tilaan ja n\u00e4m\u00e4 h\u00e4iri\u00f6t mahdollistavat maailman n\u00e4kemisen toisin. Mit\u00e4 kaikkea kulttuurih\u00e4irint\u00e4 on? Kulttuurih\u00e4irint\u00e4 materialisoituu monessa muodossa, eik\u00e4 turhan [&hellip;]","og_url":"https:\/\/voima.fi\/hairikot\/faq\/","og_site_name":"H\u00e4irik\u00f6t-p\u00e4\u00e4maja","article_modified_time":"2022-01-13T13:21:48+00:00","og_image":[{"width":2560,"height":947,"url":"https:\/\/voima.fi\/hairikot\/wp-content\/uploads\/sites\/9\/2020\/04\/Carousel-Banner_FAQ-scaled.jpg","type":"image\/jpeg"}],"twitter_card":"summary_large_image","twitter_misc":{"Arvioitu lukuaika":"2 minuuttia"},"schema":{"@context":"https:\/\/schema.org","@graph":[{"@type":"WebPage","@id":"https:\/\/voima.fi\/hairikot\/faq\/","url":"https:\/\/voima.fi\/hairikot\/faq\/","name":"FAQ - H\u00e4irik\u00f6t-p\u00e4\u00e4maja","isPartOf":{"@id":"https:\/\/voima.fi\/hairikot\/#website"},"primaryImageOfPage":{"@id":"https:\/\/voima.fi\/hairikot\/faq\/#primaryimage"},"image":{"@id":"https:\/\/voima.fi\/hairikot\/faq\/#primaryimage"},"thumbnailUrl":"https:\/\/voima.fi\/hairikot\/wp-content\/uploads\/sites\/9\/2020\/04\/Carousel-Banner_FAQ-scaled.jpg","datePublished":"2016-02-28T22:00:00+00:00","dateModified":"2022-01-13T13:21:48+00:00","breadcrumb":{"@id":"https:\/\/voima.fi\/hairikot\/faq\/#breadcrumb"},"inLanguage":"fi","potentialAction":[{"@type":"ReadAction","target":["https:\/\/voima.fi\/hairikot\/faq\/"]}]},{"@type":"ImageObject","inLanguage":"fi","@id":"https:\/\/voima.fi\/hairikot\/faq\/#primaryimage","url":"https:\/\/voima.fi\/hairikot\/wp-content\/uploads\/sites\/9\/2020\/04\/Carousel-Banner_FAQ-scaled.jpg","contentUrl":"https:\/\/voima.fi\/hairikot\/wp-content\/uploads\/sites\/9\/2020\/04\/Carousel-Banner_FAQ-scaled.jpg","width":2560,"height":947},{"@type":"BreadcrumbList","@id":"https:\/\/voima.fi\/hairikot\/faq\/#breadcrumb","itemListElement":[{"@type":"ListItem","position":1,"name":"Home","item":"https:\/\/voima.fi\/hairikot\/"},{"@type":"ListItem","position":2,"name":"FAQ"}]},{"@type":"WebSite","@id":"https:\/\/voima.fi\/hairikot\/#website","url":"https:\/\/voima.fi\/hairikot\/","name":"H\u00e4irik\u00f6t-p\u00e4\u00e4maja","description":"","potentialAction":[{"@type":"SearchAction","target":{"@type":"EntryPoint","urlTemplate":"https:\/\/voima.fi\/hairikot\/?s={search_term_string}"},"query-input":"required name=search_term_string"}],"inLanguage":"fi"}]}},"enclosure":{"image":"https:\/\/voima.fi\/hairikot\/wp-content\/uploads\/sites\/9\/2020\/04\/Carousel-Banner_FAQ-scaled.jpg"},"meta:avatar":"","geolocation":[],"meta:youtube":null,"meta:vimeo":null,"meta:duration":null,"_links":{"self":[{"href":"https:\/\/voima.fi\/hairikot\/wp-json\/wp\/v2\/pages\/17720"}],"collection":[{"href":"https:\/\/voima.fi\/hairikot\/wp-json\/wp\/v2\/pages"}],"about":[{"href":"https:\/\/voima.fi\/hairikot\/wp-json\/wp\/v2\/types\/page"}],"author":[{"embeddable":true,"href":"https:\/\/voima.fi\/hairikot\/wp-json\/wp\/v2\/users\/1"}],"replies":[{"embeddable":true,"href":"https:\/\/voima.fi\/hairikot\/wp-json\/wp\/v2\/comments?post=17720"}],"version-history":[{"count":10,"href":"https:\/\/voima.fi\/hairikot\/wp-json\/wp\/v2\/pages\/17720\/revisions"}],"predecessor-version":[{"id":19474,"href":"https:\/\/voima.fi\/hairikot\/wp-json\/wp\/v2\/pages\/17720\/revisions\/19474"}],"wp:featuredmedia":[{"embeddable":true,"href":"https:\/\/voima.fi\/hairikot\/wp-json\/wp\/v2\/media\/17721"}],"wp:attachment":[{"href":"https:\/\/voima.fi\/hairikot\/wp-json\/wp\/v2\/media?parent=17720"}],"wp:term":[{"taxonomy":"category","embeddable":true,"href":"https:\/\/voima.fi\/hairikot\/wp-json\/wp\/v2\/categories?post=17720"},{"taxonomy":"post_tag","embeddable":true,"href":"https:\/\/voima.fi\/hairikot\/wp-json\/wp\/v2\/tags?post=17720"}],"curies":[{"name":"wp","href":"https:\/\/api.w.org\/{rel}","templated":true}]}}