{"id":17709,"date":"2016-02-29T00:00:00","date_gmt":"2016-02-28T22:00:00","guid":{"rendered":"http:\/\/voima.fi\/hairikot\/toimitus\/"},"modified":"2023-09-14T09:57:56","modified_gmt":"2023-09-14T06:57:56","slug":"toimitus","status":"publish","type":"page","link":"https:\/\/voima.fi\/hairikot\/toimitus\/","title":{"rendered":"Toimitus"},"content":{"rendered":"<div class=\"column50\" style=\"margin-bottom: 2em;\">\n<h1>Jari Tamminen<\/h1>\n<p>Jari Tamminen on tarkkailut kulttuurih\u00e4irint\u00e4kentt\u00e4\u00e4 Voima-lehden toimittajana 2000-luvun alusta alkaen. H\u00e4n on my\u00f6s osallistunut h\u00e4irik\u00f6intiin vastamainosten sek\u00e4 performanssien muodossa ja kuratoinut aiheeseen liittyvi\u00e4 n\u00e4yttelyit\u00e4. H\u00e4nen kirjansa, H\u00e4irik\u00f6t \u2013 kulttuurih\u00e4irinn\u00e4n aakkoset, ilmestyi vuonna 2013 ja on ensimm\u00e4inen (ja toistaiseksi ainoa) aihetta laajemmin k\u00e4sitellyt suomenkielinen teos.<br \/>\nH\u00e4irik\u00f6innin ohella Tamminen viett\u00e4\u00e4 porvarillista asuntovelallisen el\u00e4m\u00e4\u00e4 It\u00e4-Helsingin liekehtiviss\u00e4 l\u00e4hi\u00f6iss\u00e4.<\/p>\n<p>Tammisen tavoittaa helpoiten s\u00e4hk\u00f6postiosoitteesta jari.tamminen (a) voima.fi tai puhelinnumerosta 050-331 4357.<\/p>\n<\/div>\n<div class=\"column50\"><img decoding=\"async\" class=\"alignnone wp-image-17710 size-large px600\" src=\"https:\/\/voima.fi\/hairikot\/wp-content\/uploads\/sites\/9\/2020\/04\/12781990_10153469376448693_839809904_n-1024x1024.jpg\" alt=\"\" width=\"960\" height=\"960\" srcset=\"https:\/\/voima.fi\/hairikot\/wp-content\/uploads\/sites\/9\/2020\/04\/12781990_10153469376448693_839809904_n-1024x1024.jpg 1024w, https:\/\/voima.fi\/hairikot\/wp-content\/uploads\/sites\/9\/2020\/04\/12781990_10153469376448693_839809904_n-600x600.jpg 600w, https:\/\/voima.fi\/hairikot\/wp-content\/uploads\/sites\/9\/2020\/04\/12781990_10153469376448693_839809904_n-150x150.jpg 150w, https:\/\/voima.fi\/hairikot\/wp-content\/uploads\/sites\/9\/2020\/04\/12781990_10153469376448693_839809904_n-768x768.jpg 768w, https:\/\/voima.fi\/hairikot\/wp-content\/uploads\/sites\/9\/2020\/04\/12781990_10153469376448693_839809904_n-1536x1536.jpg 1536w, https:\/\/voima.fi\/hairikot\/wp-content\/uploads\/sites\/9\/2020\/04\/12781990_10153469376448693_839809904_n-320x320.jpg 320w, https:\/\/voima.fi\/hairikot\/wp-content\/uploads\/sites\/9\/2020\/04\/12781990_10153469376448693_839809904_n-160x160.jpg 160w, https:\/\/voima.fi\/hairikot\/wp-content\/uploads\/sites\/9\/2020\/04\/12781990_10153469376448693_839809904_n-640x640.jpg 640w, https:\/\/voima.fi\/hairikot\/wp-content\/uploads\/sites\/9\/2020\/04\/12781990_10153469376448693_839809904_n-200x200.jpg 200w, https:\/\/voima.fi\/hairikot\/wp-content\/uploads\/sites\/9\/2020\/04\/12781990_10153469376448693_839809904_n-560x560.jpg 560w, https:\/\/voima.fi\/hairikot\/wp-content\/uploads\/sites\/9\/2020\/04\/12781990_10153469376448693_839809904_n-980x980.jpg 980w, https:\/\/voima.fi\/hairikot\/wp-content\/uploads\/sites\/9\/2020\/04\/12781990_10153469376448693_839809904_n-300x300.jpg 300w, https:\/\/voima.fi\/hairikot\/wp-content\/uploads\/sites\/9\/2020\/04\/12781990_10153469376448693_839809904_n.jpg 1674w\" sizes=\"(max-width: 960px) 100vw, 960px\" \/><\/div>\n<div class=\"column50\">\n<h1>Iida Simes<\/h1>\n<p>Iida Simes pit\u00e4\u00e4 t\u00f6iss\u00e4\u00e4n eniten kirjoittamisesta, vaikka journalismin alalla hauskaa on my\u00f6s olla perustamassa uusia lehti\u00e4: Simes oli rakentamassa Voimaa jo vuonna 1999. Simes on touhunnut kirja-alalla kustannustoimittajana, tiedottajana ja tapahtumien tuottajana vuodesta 2000. Ymp\u00e4rist\u00f6- ja sananvapausaktivismi ovat h\u00e4nen p\u00e4\u00e4harrastuksiaan.<\/p>\n<p>Muinoin opiskeluaikoinaan Simes kohtasi filosofian ja merkkien penkomisen eli semiotiikan, ja siihen kulttuurih\u00e4irint\u00e4 sopii hyvin. Molemmissa on kyse merkityksill\u00e4 leikkimisest\u00e4 ja oivallusten kautta uusien kulmien l\u00f6yt\u00e4misest\u00e4.<\/p>\n<p>Rutiinien rikkominen pit\u00e4\u00e4 ihmisen valppaana, uskoo Simes. Niinp\u00e4 h\u00e4n nauttii p\u00e4\u00e4stess\u00e4\u00e4n pois kotikonnuiltaan Helsingin ydinkeskustasta. Simes ja h\u00e4nen huuliharppunsa tavataan monissa kirja-, elokuva- ja musiikkitapahtumissa Helsingist\u00e4 Sodankyl\u00e4\u00e4n \u2013 huuliharppu tosin tulee esiin vasta auringon laskiessa \u2013 ja joskus h\u00e4n seikkailee maailman turuilla, Lontoon, Pietarin, Pariisin tai Bishkekin laitakujilla.<\/p>\n<p>Simeksen tavoittaa s\u00e4hk\u00f6postitse osoitteesta iida.simes (a) gmail.com, Twitterist\u00e4 nimell\u00e4 IidaSimes sek\u00e4 puhelimitse numerosta 044-206 3426.<\/p>\n<\/div>\n<div class=\"column50\"><img decoding=\"async\" class=\"alignnone size-full wp-image-17711 px600\" src=\"https:\/\/voima.fi\/hairikot\/wp-content\/uploads\/sites\/9\/2020\/04\/iida-simes.jpg\" alt=\"\" width=\"960\" height=\"960\" srcset=\"https:\/\/voima.fi\/hairikot\/wp-content\/uploads\/sites\/9\/2020\/04\/iida-simes.jpg 960w, https:\/\/voima.fi\/hairikot\/wp-content\/uploads\/sites\/9\/2020\/04\/iida-simes-600x600.jpg 600w, https:\/\/voima.fi\/hairikot\/wp-content\/uploads\/sites\/9\/2020\/04\/iida-simes-150x150.jpg 150w, https:\/\/voima.fi\/hairikot\/wp-content\/uploads\/sites\/9\/2020\/04\/iida-simes-768x768.jpg 768w, https:\/\/voima.fi\/hairikot\/wp-content\/uploads\/sites\/9\/2020\/04\/iida-simes-320x320.jpg 320w, https:\/\/voima.fi\/hairikot\/wp-content\/uploads\/sites\/9\/2020\/04\/iida-simes-160x160.jpg 160w, https:\/\/voima.fi\/hairikot\/wp-content\/uploads\/sites\/9\/2020\/04\/iida-simes-640x640.jpg 640w, https:\/\/voima.fi\/hairikot\/wp-content\/uploads\/sites\/9\/2020\/04\/iida-simes-200x200.jpg 200w, https:\/\/voima.fi\/hairikot\/wp-content\/uploads\/sites\/9\/2020\/04\/iida-simes-560x560.jpg 560w, https:\/\/voima.fi\/hairikot\/wp-content\/uploads\/sites\/9\/2020\/04\/iida-simes-300x300.jpg 300w\" sizes=\"(max-width: 960px) 100vw, 960px\" \/><\/div>\n","protected":false},"excerpt":{"rendered":"<p>Jari Tamminen Jari Tamminen on tarkkailut kulttuurih\u00e4irint\u00e4kentt\u00e4\u00e4 Voima-lehden toimittajana 2000-luvun alusta alkaen. H\u00e4n on my\u00f6s osallistunut h\u00e4irik\u00f6intiin vastamainosten sek\u00e4 performanssien muodossa ja kuratoinut aiheeseen liittyvi\u00e4 n\u00e4yttelyit\u00e4. H\u00e4nen kirjansa, H\u00e4irik\u00f6t \u2013 kulttuurih\u00e4irinn\u00e4n aakkoset, ilmestyi vuonna 2013 ja on ensimm\u00e4inen (ja toistaiseksi ainoa) aihetta laajemmin k\u00e4sitellyt suomenkielinen teos. H\u00e4irik\u00f6innin ohella Tamminen viett\u00e4\u00e4 porvarillista asuntovelallisen el\u00e4m\u00e4\u00e4 It\u00e4-Helsingin liekehtiviss\u00e4 [&hellip;]<\/p>\n","protected":false},"author":1,"featured_media":17710,"parent":0,"menu_order":0,"comment_status":"closed","ping_status":"closed","template":"","meta":{"footnotes":""},"categories":[],"tags":[],"yoast_head":"<!-- This site is optimized with the Yoast SEO plugin v22.7 - https:\/\/yoast.com\/wordpress\/plugins\/seo\/ -->\n<title>Toimitus - H\u00e4irik\u00f6t-p\u00e4\u00e4maja<\/title>\n<meta name=\"robots\" content=\"index, follow, max-snippet:-1, max-image-preview:large, max-video-preview:-1\" \/>\n<link rel=\"canonical\" href=\"https:\/\/voima.fi\/hairikot\/toimitus\/\" \/>\n<meta property=\"og:locale\" content=\"fi_FI\" \/>\n<meta property=\"og:type\" content=\"article\" \/>\n<meta property=\"og:title\" content=\"Toimitus - H\u00e4irik\u00f6t-p\u00e4\u00e4maja\" \/>\n<meta property=\"og:description\" content=\"Jari Tamminen Jari Tamminen on tarkkailut kulttuurih\u00e4irint\u00e4kentt\u00e4\u00e4 Voima-lehden toimittajana 2000-luvun alusta alkaen. H\u00e4n on my\u00f6s osallistunut h\u00e4irik\u00f6intiin vastamainosten sek\u00e4 performanssien muodossa ja kuratoinut aiheeseen liittyvi\u00e4 n\u00e4yttelyit\u00e4. H\u00e4nen kirjansa, H\u00e4irik\u00f6t \u2013 kulttuurih\u00e4irinn\u00e4n aakkoset, ilmestyi vuonna 2013 ja on ensimm\u00e4inen (ja toistaiseksi ainoa) aihetta laajemmin k\u00e4sitellyt suomenkielinen teos. H\u00e4irik\u00f6innin ohella Tamminen viett\u00e4\u00e4 porvarillista asuntovelallisen el\u00e4m\u00e4\u00e4 It\u00e4-Helsingin liekehtiviss\u00e4 [&hellip;]\" \/>\n<meta property=\"og:url\" content=\"https:\/\/voima.fi\/hairikot\/toimitus\/\" \/>\n<meta property=\"og:site_name\" content=\"H\u00e4irik\u00f6t-p\u00e4\u00e4maja\" \/>\n<meta property=\"article:modified_time\" content=\"2023-09-14T06:57:56+00:00\" \/>\n<meta property=\"og:image\" content=\"https:\/\/voima.fi\/hairikot\/wp-content\/uploads\/sites\/9\/2020\/04\/12781990_10153469376448693_839809904_n.jpg\" \/>\n\t<meta property=\"og:image:width\" content=\"1674\" \/>\n\t<meta property=\"og:image:height\" content=\"1674\" \/>\n\t<meta property=\"og:image:type\" content=\"image\/jpeg\" \/>\n<meta name=\"twitter:card\" content=\"summary_large_image\" \/>\n<meta name=\"twitter:label1\" content=\"Arvioitu lukuaika\" \/>\n\t<meta name=\"twitter:data1\" content=\"2 minuuttia\" \/>\n<script type=\"application\/ld+json\" class=\"yoast-schema-graph\">{\"@context\":\"https:\/\/schema.org\",\"@graph\":[{\"@type\":\"WebPage\",\"@id\":\"https:\/\/voima.fi\/hairikot\/toimitus\/\",\"url\":\"https:\/\/voima.fi\/hairikot\/toimitus\/\",\"name\":\"Toimitus - H\u00e4irik\u00f6t-p\u00e4\u00e4maja\",\"isPartOf\":{\"@id\":\"https:\/\/voima.fi\/hairikot\/#website\"},\"primaryImageOfPage\":{\"@id\":\"https:\/\/voima.fi\/hairikot\/toimitus\/#primaryimage\"},\"image\":{\"@id\":\"https:\/\/voima.fi\/hairikot\/toimitus\/#primaryimage\"},\"thumbnailUrl\":\"https:\/\/voima.fi\/hairikot\/wp-content\/uploads\/sites\/9\/2020\/04\/12781990_10153469376448693_839809904_n.jpg\",\"datePublished\":\"2016-02-28T22:00:00+00:00\",\"dateModified\":\"2023-09-14T06:57:56+00:00\",\"breadcrumb\":{\"@id\":\"https:\/\/voima.fi\/hairikot\/toimitus\/#breadcrumb\"},\"inLanguage\":\"fi\",\"potentialAction\":[{\"@type\":\"ReadAction\",\"target\":[\"https:\/\/voima.fi\/hairikot\/toimitus\/\"]}]},{\"@type\":\"ImageObject\",\"inLanguage\":\"fi\",\"@id\":\"https:\/\/voima.fi\/hairikot\/toimitus\/#primaryimage\",\"url\":\"https:\/\/voima.fi\/hairikot\/wp-content\/uploads\/sites\/9\/2020\/04\/12781990_10153469376448693_839809904_n.jpg\",\"contentUrl\":\"https:\/\/voima.fi\/hairikot\/wp-content\/uploads\/sites\/9\/2020\/04\/12781990_10153469376448693_839809904_n.jpg\",\"width\":1674,\"height\":1674},{\"@type\":\"BreadcrumbList\",\"@id\":\"https:\/\/voima.fi\/hairikot\/toimitus\/#breadcrumb\",\"itemListElement\":[{\"@type\":\"ListItem\",\"position\":1,\"name\":\"Home\",\"item\":\"https:\/\/voima.fi\/hairikot\/\"},{\"@type\":\"ListItem\",\"position\":2,\"name\":\"Toimitus\"}]},{\"@type\":\"WebSite\",\"@id\":\"https:\/\/voima.fi\/hairikot\/#website\",\"url\":\"https:\/\/voima.fi\/hairikot\/\",\"name\":\"H\u00e4irik\u00f6t-p\u00e4\u00e4maja\",\"description\":\"\",\"potentialAction\":[{\"@type\":\"SearchAction\",\"target\":{\"@type\":\"EntryPoint\",\"urlTemplate\":\"https:\/\/voima.fi\/hairikot\/?s={search_term_string}\"},\"query-input\":\"required name=search_term_string\"}],\"inLanguage\":\"fi\"}]}<\/script>\n<!-- \/ Yoast SEO plugin. -->","yoast_head_json":{"title":"Toimitus - H\u00e4irik\u00f6t-p\u00e4\u00e4maja","robots":{"index":"index","follow":"follow","max-snippet":"max-snippet:-1","max-image-preview":"max-image-preview:large","max-video-preview":"max-video-preview:-1"},"canonical":"https:\/\/voima.fi\/hairikot\/toimitus\/","og_locale":"fi_FI","og_type":"article","og_title":"Toimitus - H\u00e4irik\u00f6t-p\u00e4\u00e4maja","og_description":"Jari Tamminen Jari Tamminen on tarkkailut kulttuurih\u00e4irint\u00e4kentt\u00e4\u00e4 Voima-lehden toimittajana 2000-luvun alusta alkaen. H\u00e4n on my\u00f6s osallistunut h\u00e4irik\u00f6intiin vastamainosten sek\u00e4 performanssien muodossa ja kuratoinut aiheeseen liittyvi\u00e4 n\u00e4yttelyit\u00e4. H\u00e4nen kirjansa, H\u00e4irik\u00f6t \u2013 kulttuurih\u00e4irinn\u00e4n aakkoset, ilmestyi vuonna 2013 ja on ensimm\u00e4inen (ja toistaiseksi ainoa) aihetta laajemmin k\u00e4sitellyt suomenkielinen teos. H\u00e4irik\u00f6innin ohella Tamminen viett\u00e4\u00e4 porvarillista asuntovelallisen el\u00e4m\u00e4\u00e4 It\u00e4-Helsingin liekehtiviss\u00e4 [&hellip;]","og_url":"https:\/\/voima.fi\/hairikot\/toimitus\/","og_site_name":"H\u00e4irik\u00f6t-p\u00e4\u00e4maja","article_modified_time":"2023-09-14T06:57:56+00:00","og_image":[{"width":1674,"height":1674,"url":"https:\/\/voima.fi\/hairikot\/wp-content\/uploads\/sites\/9\/2020\/04\/12781990_10153469376448693_839809904_n.jpg","type":"image\/jpeg"}],"twitter_card":"summary_large_image","twitter_misc":{"Arvioitu lukuaika":"2 minuuttia"},"schema":{"@context":"https:\/\/schema.org","@graph":[{"@type":"WebPage","@id":"https:\/\/voima.fi\/hairikot\/toimitus\/","url":"https:\/\/voima.fi\/hairikot\/toimitus\/","name":"Toimitus - H\u00e4irik\u00f6t-p\u00e4\u00e4maja","isPartOf":{"@id":"https:\/\/voima.fi\/hairikot\/#website"},"primaryImageOfPage":{"@id":"https:\/\/voima.fi\/hairikot\/toimitus\/#primaryimage"},"image":{"@id":"https:\/\/voima.fi\/hairikot\/toimitus\/#primaryimage"},"thumbnailUrl":"https:\/\/voima.fi\/hairikot\/wp-content\/uploads\/sites\/9\/2020\/04\/12781990_10153469376448693_839809904_n.jpg","datePublished":"2016-02-28T22:00:00+00:00","dateModified":"2023-09-14T06:57:56+00:00","breadcrumb":{"@id":"https:\/\/voima.fi\/hairikot\/toimitus\/#breadcrumb"},"inLanguage":"fi","potentialAction":[{"@type":"ReadAction","target":["https:\/\/voima.fi\/hairikot\/toimitus\/"]}]},{"@type":"ImageObject","inLanguage":"fi","@id":"https:\/\/voima.fi\/hairikot\/toimitus\/#primaryimage","url":"https:\/\/voima.fi\/hairikot\/wp-content\/uploads\/sites\/9\/2020\/04\/12781990_10153469376448693_839809904_n.jpg","contentUrl":"https:\/\/voima.fi\/hairikot\/wp-content\/uploads\/sites\/9\/2020\/04\/12781990_10153469376448693_839809904_n.jpg","width":1674,"height":1674},{"@type":"BreadcrumbList","@id":"https:\/\/voima.fi\/hairikot\/toimitus\/#breadcrumb","itemListElement":[{"@type":"ListItem","position":1,"name":"Home","item":"https:\/\/voima.fi\/hairikot\/"},{"@type":"ListItem","position":2,"name":"Toimitus"}]},{"@type":"WebSite","@id":"https:\/\/voima.fi\/hairikot\/#website","url":"https:\/\/voima.fi\/hairikot\/","name":"H\u00e4irik\u00f6t-p\u00e4\u00e4maja","description":"","potentialAction":[{"@type":"SearchAction","target":{"@type":"EntryPoint","urlTemplate":"https:\/\/voima.fi\/hairikot\/?s={search_term_string}"},"query-input":"required name=search_term_string"}],"inLanguage":"fi"}]}},"enclosure":{"image":"https:\/\/voima.fi\/hairikot\/wp-content\/uploads\/sites\/9\/2020\/04\/12781990_10153469376448693_839809904_n.jpg"},"meta:avatar":"","geolocation":[],"meta:youtube":null,"meta:vimeo":null,"meta:duration":null,"_links":{"self":[{"href":"https:\/\/voima.fi\/hairikot\/wp-json\/wp\/v2\/pages\/17709"}],"collection":[{"href":"https:\/\/voima.fi\/hairikot\/wp-json\/wp\/v2\/pages"}],"about":[{"href":"https:\/\/voima.fi\/hairikot\/wp-json\/wp\/v2\/types\/page"}],"author":[{"embeddable":true,"href":"https:\/\/voima.fi\/hairikot\/wp-json\/wp\/v2\/users\/1"}],"replies":[{"embeddable":true,"href":"https:\/\/voima.fi\/hairikot\/wp-json\/wp\/v2\/comments?post=17709"}],"version-history":[{"count":28,"href":"https:\/\/voima.fi\/hairikot\/wp-json\/wp\/v2\/pages\/17709\/revisions"}],"predecessor-version":[{"id":20213,"href":"https:\/\/voima.fi\/hairikot\/wp-json\/wp\/v2\/pages\/17709\/revisions\/20213"}],"wp:featuredmedia":[{"embeddable":true,"href":"https:\/\/voima.fi\/hairikot\/wp-json\/wp\/v2\/media\/17710"}],"wp:attachment":[{"href":"https:\/\/voima.fi\/hairikot\/wp-json\/wp\/v2\/media?parent=17709"}],"wp:term":[{"taxonomy":"category","embeddable":true,"href":"https:\/\/voima.fi\/hairikot\/wp-json\/wp\/v2\/categories?post=17709"},{"taxonomy":"post_tag","embeddable":true,"href":"https:\/\/voima.fi\/hairikot\/wp-json\/wp\/v2\/tags?post=17709"}],"curies":[{"name":"wp","href":"https:\/\/api.w.org\/{rel}","templated":true}]}}